{"id":2072,"date":"2024-03-08T20:17:32","date_gmt":"2024-03-08T23:17:32","guid":{"rendered":"https:\/\/desafionet.com\/?page_id=2072"},"modified":"2024-03-09T12:40:43","modified_gmt":"2024-03-09T15:40:43","slug":"politica-de-cookie","status":"publish","type":"page","link":"https:\/\/desafionet.com\/index.php\/politica-de-cookie\/","title":{"rendered":"Pol\u00edtica de Cookie"},"content":{"rendered":"\t\t<div data-elementor-type=\"wp-page\" data-elementor-id=\"2072\" class=\"elementor elementor-2072\">\n\t\t\t\t\t\t<section class=\"elementor-section elementor-top-section elementor-element elementor-element-5c7dad8a elementor-section-content-bottom elementor-section-boxed elementor-section-height-default elementor-section-height-default\" data-id=\"5c7dad8a\" data-element_type=\"section\" data-settings=\"{&quot;background_background&quot;:&quot;classic&quot;}\">\n\t\t\t\t\t\t\t<div class=\"elementor-background-overlay\"><\/div>\n\t\t\t\t\t\t\t<div class=\"elementor-container elementor-column-gap-default\">\n\t\t\t\t\t<div class=\"elementor-column elementor-col-100 elementor-top-column elementor-element elementor-element-19b39311\" data-id=\"19b39311\" data-element_type=\"column\">\n\t\t\t<div class=\"elementor-widget-wrap elementor-element-populated\">\n\t\t\t\t\t\t<div class=\"elementor-element elementor-element-5a7a6d97 animated-slow elementor-invisible elementor-widget elementor-widget-heading\" data-id=\"5a7a6d97\" data-element_type=\"widget\" data-settings=\"{&quot;_animation&quot;:&quot;fadeInDown&quot;,&quot;_animation_delay&quot;:8}\" data-widget_type=\"heading.default\">\n\t\t\t\t<div class=\"elementor-widget-container\">\n\t\t\t\t\t<h1 class=\"elementor-heading-title elementor-size-default\">Pol\u00edtica de Cookies<\/h1>\t\t\t\t<\/div>\n\t\t\t\t<\/div>\n\t\t\t\t\t<\/div>\n\t\t<\/div>\n\t\t\t\t\t<\/div>\n\t\t<\/section>\n\t\t\t\t<section class=\"elementor-section elementor-top-section elementor-element elementor-element-78b7904f elementor-section-content-middle elementor-section-boxed elementor-section-height-default elementor-section-height-default\" data-id=\"78b7904f\" data-element_type=\"section\" data-settings=\"{&quot;background_background&quot;:&quot;classic&quot;}\">\n\t\t\t\t\t\t<div class=\"elementor-container elementor-column-gap-extended\">\n\t\t\t\t\t<div class=\"elementor-column elementor-col-100 elementor-top-column elementor-element elementor-element-3dfa9761\" data-id=\"3dfa9761\" data-element_type=\"column\">\n\t\t\t<div class=\"elementor-widget-wrap elementor-element-populated\">\n\t\t\t\t\t\t<div class=\"elementor-element elementor-element-6efd3e26 elementor-widget elementor-widget-text-editor\" data-id=\"6efd3e26\" data-element_type=\"widget\" data-widget_type=\"text-editor.default\">\n\t\t\t\t<div class=\"elementor-widget-container\">\n\t\t\t\t\t\t\t\t\t<span style=\"color: #7d8182;\">Este documento informa os Usu\u00e1rios sobre as tecnologias que ajudam este Aplicativo a alcan\u00e7ar as finalidades descritas abaixo. Tais tecnologias permitem ao Propriet\u00e1rio acessar e armazenar informa\u00e7\u00f5es (por exemplo, usando um Cookie) ou usar recursos (por exemplo, executando um script) em um dispositivo de um Usu\u00e1rio \u00e0 medida que interagem com este Aplicativo.\nPara fins de simplicidade, todas estas tecnologias s\u00e3o definidas como &#8220;Rastreadores&#8221; neste documento \u2013 a menos que haja um motivo para diferenci\u00e1-las.\nPor exemplo, enquanto Cookies podem ser usados em navegadores de web e dispositivos m\u00f3veis, seria incorreto falar sobre Cookies no contexto de aplicativos m\u00f3veis, pois eles s\u00e3o um rastreador baseado em um navegador. Por este motivo, neste documento, o termo Cookies somente \u00e9 usado onde ele especificamente indicar aquele tipo espec\u00edfico de rastreador.\nAlgumas das finalidades para as quais rastreadores s\u00e3o usados tamb\u00e9m podem exigir a permiss\u00e3o do Usu\u00e1rio. Sempre que a permiss\u00e3o for dada, ela pode ser livremente retirada a qualquer momento, seguindo as instru\u00e7\u00f5es fornecidas neste documento.\nEste Aplicativo usa apenas Rastreadores gerenciados diretamente pelo Propriet\u00e1rio (conhecidos como Rastreadores &#8220;pr\u00f3prios&#8221;).\nOs per\u00edodos de validade e expira\u00e7\u00e3o dos Cookies pr\u00f3prios e outros Rastreadores similares poder\u00e3o variar, dependendo do prazo estabelecido pelo Propriet\u00e1rio. Alguns deles expiram quando do t\u00e9rmino da sess\u00e3o de navega\u00e7\u00e3o do Usu\u00e1rio.<\/span>\n<h4><span style=\"color: #7d8182;\">Atividades estritamente necess\u00e1rias para operar este Aplicativo e prestar o Servi\u00e7o<\/span><\/h4>\n<span style=\"color: #7d8182;\">Este Aplicativo usa Cookies conhecidos como Cookies &#8220;t\u00e9cnicos&#8221; e outros Rastreadores similares para executar atividades que s\u00e3o estritamente necess\u00e1rias para operar ou prestar o Servi\u00e7o.<\/span>\n<h4><span style=\"color: #7d8182;\">Como gerenciar prefer\u00eancias e fornecer ou cancelar a permiss\u00e3o<\/span><\/h4>\n<span style=\"color: #7d8182;\">H\u00e1 diversas maneiras de gerenciar as prefer\u00eancias relacionadas ao Rastreador e de fornecer e retirar o consentimento, quando for relevante:\nOs Usu\u00e1rios podem gerenciar as prefer\u00eancias relacionadas aos Rastreadores diretamente nas configura\u00e7\u00f5es de seu pr\u00f3prio dispositivo, por exemplo, impedindo o uso ou o armazenamento de rastreadores.\nAl\u00e9m disso, sempre que o uso de rastreadores se basear em consentimento, os Usu\u00e1rios poder\u00e3o fornecer ou retirar tal consentimento por meio da configura\u00e7\u00e3o de suas prefer\u00eancias no aviso de cookies ou da atualiza\u00e7\u00e3o de tais prefer\u00eancias, de acordo com o respectivo widget de privacidade de prefer\u00eancias de consentimento, se dispon\u00edvel.\nTamb\u00e9m \u00e9 poss\u00edvel, por meio de recursos espec\u00edficos do navegador ou do dispositivo, excluir os Rastreadores previamente armazenados, incluindo aqueles usados para lembrar as prefer\u00eancias iniciais de consentimento do Usu\u00e1rio.\nOutros Rastreadores da mem\u00f3ria local do navegador podem ser apagados com a exclus\u00e3o do hist\u00f3rico de navega\u00e7\u00e3o.\n<\/span>\n<h4><span style=\"color: #7d8182;\">Configura\u00e7\u00f5es de Rastreadores de localiza\u00e7\u00e3o<\/span><\/h4>\n<span style=\"color: #7d8182;\">Os Usu\u00e1rios poder\u00e3o, por exemplo, encontrar informa\u00e7\u00f5es sobre como gerenciar Cookies nos navegadores mais usados nos seguintes endere\u00e7os:\u00a0<\/span>\n<ol>\n \t<li><span style=\"color: #7d8182;\"> Google Chrome;\u00a0<\/span><\/li>\n \t<li><span style=\"color: #7d8182;\"> Mozilla Firefox;\u00a0<\/span><\/li>\n \t<li><span style=\"color: #7d8182;\"> Apple Safari;\u00a0<\/span><\/li>\n \t<li><span style=\"color: #7d8182;\"> Microsoft Internet Explorer; <\/span><\/li>\n \t<li><span style=\"color: #7d8182;\"> Microsoft Edge ou<\/span><\/li>\n \t<li><span style=\"color: #7d8182;\">Opera<\/span><\/li>\n<\/ol>\n<span style=\"color: #7d8182;\">Os Usu\u00e1rios tamb\u00e9m poder\u00e3o gerenciar determinadas categorias de rastreadores usados em aplicativos m\u00f3veis, optando pelo n\u00e3o uso atrav\u00e9s das respectivas configura\u00e7\u00f5es do dispositivo, tais como as configura\u00e7\u00f5es de publicidade para dispositivos m\u00f3veis ou configura\u00e7\u00f5es de rastreamento em geral (os Usu\u00e1rios poder\u00e3o abrir as configura\u00e7\u00f5es do dispositivo e procurar as respectivas configura\u00e7\u00f5es).<\/span>\n<h4><span style=\"color: #7d8182;\">Consequ\u00eancias de negar o uso de rastreadores <\/span><\/h4>\n<span style=\"color: #7d8182;\">Os usu\u00e1rios podem decidir livremente se querem ou n\u00e3o permitir o uso de rastreadores. No entanto, \u00e9 importante observar que os Rastreadores ajudam este Aplicativo a fornecer uma melhor experi\u00eancia e funcionalidades avan\u00e7adas aos Usu\u00e1rios (de acordo com as finalidades descritas neste documento). Portanto, se o Usu\u00e1rio optar por bloquear o uso de Rastreadores, o Propriet\u00e1rio pode n\u00e3o conseguir fornecer os recursos relacionados.<\/span>\n<h4><span style=\"color: #7d8182;\">Propriet\u00e1rio e Controlador de Dados<\/span><\/h4>\n<span style=\"color: #7d8182;\">Desafionet Servi\u00e7os de Inform\u00e1tica, Rua Doutor Sebasti\u00e3o Alfredo dos Santos,15 &#8211; Parte &#8211; Piabet\u00e1 &#8211; Mag\u00e9 &#8211; Rio de Janeiro<br>\nE-mail de contato do Propriet\u00e1rio: contato@desafionet.com<br>\nEm fun\u00e7\u00e3o da complexidade objetiva das tecnologias relacionadas \u00e0s tecnologias de rastreamento, recomenda-se que os Usu\u00e1rios entrem em contato com o Propriet\u00e1rio, se desejarem receber mais informa\u00e7\u00f5es sobre o uso de tais tecnologias por este Aplicativo.\n<\/span>\n<h4><span style=\"color: #7d8182;\">Defini\u00e7\u00f5es e refer\u00eancias Jur\u00eddicas<\/span><\/h4>\n<h4><span style=\"color: #7d8182;\">Dados Pessoais (ou Dados)<\/span><\/h4>\n<span style=\"color: #7d8182;\">Quaisquer informa\u00e7\u00f5es que diretamente, indiretamente ou em rela\u00e7\u00e3o com outras informa\u00e7\u00f5es \u2013 incluindo um n\u00famero de identifica\u00e7\u00e3o pessoal \u2013 permitam a identifica\u00e7\u00e3o ou identificabilidade de uma pessoa f\u00edsica.<\/span>\n<h4><span style=\"color: #7d8182;\">Dados de Uso<\/span><\/h4>\n<span style=\"color: #7d8182;\">As informa\u00e7\u00f5es coletadas automaticamente atrav\u00e9s deste este Aplicativo (ou servi\u00e7os de terceiros contratados neste Servi\u00e7o (este Aplicativo)), que podem incluir: os endere\u00e7os IP ou nomes de dom\u00ednio dos computadores utilizados pelos Usu\u00e1rios que utilizam este Aplicativo, os endere\u00e7os URI (Identificador Uniforme de Recurso), a data e hora do pedido, o m\u00e9todo utilizado para submeter o pedido ao servidor, o tamanho do arquivo recebido em resposta, o c\u00f3digo num\u00e9rico que indica o status do servidor de resposta (resultado positivo, erro , etc.), o pa\u00eds de origem, as caracter\u00edsticas do navegador e do sistema operacional utilizado pelo Usu\u00e1rio, os v\u00e1rios detalhes de tempo por visita (por exemplo, o tempo gasto em cada p\u00e1gina dentro do aplicativo) e os detalhes sobre o caminho seguido dentro da aplica\u00e7\u00e3o, com especial refer\u00eancia \u00e0 sequ\u00eancia de p\u00e1ginas visitadas e outros par\u00e2metros sobre o sistema operacional do dispositivo e\/ou ambiente de TI do Usu\u00e1rio.<\/span>\n<h4><span style=\"color: #7d8182;\">Usu\u00e1rio<\/span><\/h4>\n<span style=\"color: #7d8182;\">A pessoa que usa este Aplicativo que, a menos que especificado diferentemente, coincida com o Titular dos Dados.<\/span>\n<h4><span style=\"color: #7d8182;\">Titular dos Dados<\/span><\/h4>\n<span style=\"color: #7d8182;\">A pessoa f\u00edsica a quem os Dados Pessoais se referem.<\/span>\n<h4><span style=\"color: #7d8182;\">Processador de Dados (ou Subcontratante)<\/span><\/h4>\n<span style=\"color: #7d8182;\">A pessoa f\u00edsica ou jur\u00eddica, administra\u00e7\u00e3o p\u00fablica, ag\u00eancia ou outro \u00f3rg\u00e3o que processe os Dados Pessoais em nome do Controlador conforme descrito nesta pol\u00edtica de privacidade.<\/span>\n<h4><span style=\"color: #7d8182;\">Controlador de Dados (ou Propriet\u00e1rio)<\/span><\/h4>\n<span style=\"color: #7d8182;\">A pessoa f\u00edsica ou jur\u00eddica, administra\u00e7\u00e3o p\u00fablica, ag\u00eancia ou outro \u00f3rg\u00e3o que, isoladamente ou em conjunto com outros determinar as finalidades e os meios de processamento dos Dados Pessoais, incluindo medidas de seguran\u00e7a relativas ao funcionamento e ao uso deste Servi\u00e7o (este Aplicativo). O Controlador de Dados, a menos que seja especificado de outra forma, \u00e9 o Propriet\u00e1rio deste Servi\u00e7o (este Aplicativo).<\/span>\n<h4><span style=\"color: #7d8182;\">Este Aplicativo<\/span><\/h4>\n<span style=\"color: #7d8182;\">O meio pelo qual os Dados Pessoais do Usu\u00e1rio s\u00e3o coletados e processados.<\/span>\n<h4><span style=\"color: #7d8182;\">Servi\u00e7o<\/span><\/h4>\n<span style=\"color: #7d8182;\">O servi\u00e7o fornecido por este Aplicativo conforme descrito nos termos relativos (se dispon\u00edveis) e neste site\/aplicativo.<\/span>\n<h4><span style=\"color: #7d8182;\">Uni\u00e3o Europeia (ou UE)<\/span><\/h4>\n<span style=\"color: #7d8182;\">A menos que especificado diferentemente, todas as refer\u00eancias feitas neste documento \u00e0 Uni\u00e3o Europeia incluem todos os atuais estados membros da Uni\u00e3o Europeia e do Espa\u00e7o Econ\u00f4mico Europeu.<\/span>\n<h4><span style=\"color: #7d8182;\">Cookie<\/span><\/h4>\n<span style=\"color: #7d8182;\">Cookies s\u00e3o rastreadores compostos por pequenos conjuntos de dados armazenados no navegador do Usu\u00e1rio.<\/span>\n<h4><span style=\"color: #7d8182;\">Rastreador<\/span><\/h4>\n<span style=\"color: #7d8182;\">O termo Rastreador indica qualquer tecnologia \u2013 como Cookies, identificadores \u00fanicos, web beacons, scripts embutidos, e-tags e fingerprinting \u2013 que permita o rastreamento de Usu\u00e1rios, por exemplo, acessando ou a armazenando informa\u00e7\u00f5es no dispositivo do Usu\u00e1rio.<\/span>\n<h4><span style=\"color: #7d8182;\">Informa\u00e7\u00e3o jur\u00eddica<\/span><\/h4>\n<span style=\"color: #7d8182;\">Esta pol\u00edtica de privacidade se refere somente a este Aplicativo, se n\u00e3o afirmado diferentemente neste documento.<br>\nEsta pol\u00edtica \u00e9 efetiva a partir: 8 de mar\u00e7o de 2024.\n<\/span>\t\t\t\t\t\t\t\t<\/div>\n\t\t\t\t<\/div>\n\t\t\t\t\t<\/div>\n\t\t<\/div>\n\t\t\t\t\t<\/div>\n\t\t<\/section>\n\t\t\t\t<\/div>\n\t\t","protected":false},"excerpt":{"rendered":"<p>Pol\u00edtica de Cookies Este documento informa os Usu\u00e1rios sobre as tecnologias que ajudam este Aplicativo a alcan\u00e7ar as finalidades descritas abaixo. Tais tecnologias permitem ao Propriet\u00e1rio acessar e armazenar informa\u00e7\u00f5es (por exemplo, usando um Cookie) ou usar recursos (por exemplo, executando um script) em um dispositivo de um Usu\u00e1rio \u00e0 medida que interagem com este [&hellip;]<\/p>\n","protected":false},"author":1,"featured_media":0,"parent":0,"menu_order":0,"comment_status":"closed","ping_status":"closed","template":"","meta":{"site-sidebar-layout":"no-sidebar","site-content-layout":"page-builder","ast-site-content-layout":"full-width-container","site-content-style":"default","site-sidebar-style":"default","ast-global-header-display":"","ast-banner-title-visibility":"","ast-main-header-display":"","ast-hfb-above-header-display":"","ast-hfb-below-header-display":"","ast-hfb-mobile-header-display":"","site-post-title":"disabled","ast-breadcrumbs-content":"","ast-featured-img":"disabled","footer-sml-layout":"","theme-transparent-header-meta":"","adv-header-id-meta":"","stick-header-meta":"","header-above-stick-meta":"","header-main-stick-meta":"","header-below-stick-meta":"","astra-migrate-meta-layouts":"set","ast-page-background-enabled":"default","ast-page-background-meta":{"desktop":{"background-color":"","background-image":"","background-repeat":"repeat","background-position":"center center","background-size":"auto","background-attachment":"scroll","background-type":"","background-media":"","overlay-type":"","overlay-color":"","overlay-opacity":"","overlay-gradient":""},"tablet":{"background-color":"","background-image":"","background-repeat":"repeat","background-position":"center center","background-size":"auto","background-attachment":"scroll","background-type":"","background-media":"","overlay-type":"","overlay-color":"","overlay-opacity":"","overlay-gradient":""},"mobile":{"background-color":"","background-image":"","background-repeat":"repeat","background-position":"center center","background-size":"auto","background-attachment":"scroll","background-type":"","background-media":"","overlay-type":"","overlay-color":"","overlay-opacity":"","overlay-gradient":""}},"ast-content-background-meta":{"desktop":{"background-color":"var(--ast-global-color-5)","background-image":"","background-repeat":"repeat","background-position":"center center","background-size":"auto","background-attachment":"scroll","background-type":"","background-media":"","overlay-type":"","overlay-color":"","overlay-opacity":"","overlay-gradient":""},"tablet":{"background-color":"var(--ast-global-color-5)","background-image":"","background-repeat":"repeat","background-position":"center center","background-size":"auto","background-attachment":"scroll","background-type":"","background-media":"","overlay-type":"","overlay-color":"","overlay-opacity":"","overlay-gradient":""},"mobile":{"background-color":"var(--ast-global-color-5)","background-image":"","background-repeat":"repeat","background-position":"center center","background-size":"auto","background-attachment":"scroll","background-type":"","background-media":"","overlay-type":"","overlay-color":"","overlay-opacity":"","overlay-gradient":""}},"footnotes":""},"class_list":["post-2072","page","type-page","status-publish","hentry"],"_links":{"self":[{"href":"https:\/\/desafionet.com\/index.php\/wp-json\/wp\/v2\/pages\/2072","targetHints":{"allow":["GET"]}}],"collection":[{"href":"https:\/\/desafionet.com\/index.php\/wp-json\/wp\/v2\/pages"}],"about":[{"href":"https:\/\/desafionet.com\/index.php\/wp-json\/wp\/v2\/types\/page"}],"author":[{"embeddable":true,"href":"https:\/\/desafionet.com\/index.php\/wp-json\/wp\/v2\/users\/1"}],"replies":[{"embeddable":true,"href":"https:\/\/desafionet.com\/index.php\/wp-json\/wp\/v2\/comments?post=2072"}],"version-history":[{"count":70,"href":"https:\/\/desafionet.com\/index.php\/wp-json\/wp\/v2\/pages\/2072\/revisions"}],"predecessor-version":[{"id":2203,"href":"https:\/\/desafionet.com\/index.php\/wp-json\/wp\/v2\/pages\/2072\/revisions\/2203"}],"wp:attachment":[{"href":"https:\/\/desafionet.com\/index.php\/wp-json\/wp\/v2\/media?parent=2072"}],"curies":[{"name":"wp","href":"https:\/\/api.w.org\/{rel}","templated":true}]}}